{"id":482,"date":"2016-07-28T07:06:14","date_gmt":"2016-07-28T07:06:14","guid":{"rendered":"https:\/\/redepragas.conectadigital.top\/?page_id=482"},"modified":"2016-07-28T07:11:36","modified_gmt":"2016-07-28T07:11:36","slug":"about-2","status":"publish","type":"page","link":"https:\/\/redepragas.com.br\/index.php\/about-2\/","title":{"rendered":"About 2"},"content":{"rendered":"<p>[vc_row][vc_column css=&#8221;.vc_custom_1469181741877{margin-bottom: 1.75rem !important;}&#8221;]<div class=\"sc_section margin_bottom_huge\"><div class=\"sc_section_inner\"><h2 class=\"sc_section_title sc_item_title\">Pest Control and Extermination<\/h2><div class=\"sc_section_descr sc_item_descr\">The identification of insects and other pests by phone or email it is very hard. Need to know what kind of bug or rodents are in your house? Here are some tips to keep in mind when trying to identify a pest.<\/div><div class=\"sc_section_content_wrap\"><div id=\"sc_services_1685447505_wrap\" class=\"sc_services_wrap\"><div id=\"sc_services_1685447505\" class=\"sc_services sc_services_style_services-2 sc_services_type_images  margin_bottom_small\" style=\"width:100%;\"><div class=\"sc_columns columns_wrap\"><div class=\"column-1_3 column_padding_bottom\">        <div id=\"sc_services_1685447505_1\"            class=\"sc_services_item sc_services_item_1 odd first\"\n            >\n                            <div class=\"sc_services_item_featured post_featured\">\n                    \t<div class=\"post_thumb\" data-image=\"https:\/\/redepragas.com.br\/wp-content\/uploads\/2016\/07\/desintetizaca.jpg\" data-title=\"Desintetiza\u00e7\u00e3o\">\n\t<a class=\"hover_icon hover_icon_link\" href=\"https:\/\/redepragas.com.br\/index.php\/services\/desintetizacao\/\"><img loading=\"lazy\" decoding=\"async\" class=\"wp-post-image\" width=\"370\" height=\"350\" alt=\"Desintetiza\u00e7\u00e3o\" src=\"https:\/\/redepragas.com.br\/wp-content\/uploads\/2016\/07\/desintetizaca-370x350.jpg\"><\/a>\t<\/div>\n\t                    <h4 class=\"sc_services_item_title\"><a href=\"https:\/\/redepragas.com.br\/index.php\/services\/desintetizacao\/\">Desintetiza\u00e7\u00e3o<\/a><\/h4>                <\/div>\n                        <div class=\"sc_services_item_content\">\n                <a href=\"https:\/\/redepragas.com.br\/index.php\/services\/desintetizacao\/\"><span class=\"sc_icon icon-icon_insect\"><\/span><\/a><h4 class=\"sc_services_item_title\"><a href=\"https:\/\/redepragas.com.br\/index.php\/services\/desintetizacao\/\">Desintetiza\u00e7\u00e3o<\/a><\/h4>\n                <div class=\"sc_services_item_description\">\n                    <p>O processo de desinsetiza\u00e7\u00e3o \u00e9 eficaz contra insetos rasteiros e voadores, com exce\u00e7\u00e3o dos cupins<\/p>                <\/div>\n            <\/div>\n        <\/div>\n        <\/div><div class=\"column-1_3 column_padding_bottom\">        <div id=\"sc_services_1685447505_2\"            class=\"sc_services_item sc_services_item_2 even\"\n            >\n                            <div class=\"sc_services_item_featured post_featured\">\n                    \t<div class=\"post_thumb\" data-image=\"https:\/\/redepragas.com.br\/wp-content\/uploads\/2016\/07\/descupinizacao.jpg\" data-title=\"Descupiniza\u00e7\u00e3o\">\n\t<a class=\"hover_icon hover_icon_link\" href=\"https:\/\/redepragas.com.br\/index.php\/services\/descupinizacao\/\"><img loading=\"lazy\" decoding=\"async\" class=\"wp-post-image\" width=\"370\" height=\"350\" alt=\"Descupiniza\u00e7\u00e3o\" src=\"https:\/\/redepragas.com.br\/wp-content\/uploads\/2016\/07\/descupinizacao-370x350.jpg\"><\/a>\t<\/div>\n\t                    <h4 class=\"sc_services_item_title\"><a href=\"https:\/\/redepragas.com.br\/index.php\/services\/descupinizacao\/\">Descupiniza\u00e7\u00e3o<\/a><\/h4>                <\/div>\n                        <div class=\"sc_services_item_content\">\n                <a href=\"https:\/\/redepragas.com.br\/index.php\/services\/descupinizacao\/\"><span class=\"sc_icon icon-icon4\"><\/span><\/a><h4 class=\"sc_services_item_title\"><a href=\"https:\/\/redepragas.com.br\/index.php\/services\/descupinizacao\/\">Descupiniza\u00e7\u00e3o<\/a><\/h4>\n                <div class=\"sc_services_item_description\">\n                    <p>A REDE PRAGAS utiliza t\u00e9cnicas avan\u00e7adas no controle de Cupins, utilizando produtos de uso profissional altamente eficaz.<\/p>                <\/div>\n            <\/div>\n        <\/div>\n        <\/div><div class=\"column-1_3 column_padding_bottom\">        <div id=\"sc_services_1685447505_3\"            class=\"sc_services_item sc_services_item_3 odd\"\n            >\n                            <div class=\"sc_services_item_featured post_featured\">\n                    \t<div class=\"post_thumb\" data-image=\"https:\/\/redepragas.com.br\/wp-content\/uploads\/2016\/07\/desratizacao.jpg\" data-title=\"Desratiza\u00e7\u00e3o\">\n\t<a class=\"hover_icon hover_icon_link\" href=\"https:\/\/redepragas.com.br\/index.php\/services\/desratizacao\/\"><img loading=\"lazy\" decoding=\"async\" class=\"wp-post-image\" width=\"370\" height=\"350\" alt=\"Desratiza\u00e7\u00e3o\" src=\"https:\/\/redepragas.com.br\/wp-content\/uploads\/2016\/07\/desratizacao-370x350.jpg\"><\/a>\t<\/div>\n\t                    <h4 class=\"sc_services_item_title\"><a href=\"https:\/\/redepragas.com.br\/index.php\/services\/desratizacao\/\">Desratiza\u00e7\u00e3o<\/a><\/h4>                <\/div>\n                        <div class=\"sc_services_item_content\">\n                <a href=\"https:\/\/redepragas.com.br\/index.php\/services\/desratizacao\/\"><span class=\"sc_icon icon-icon_rodent\"><\/span><\/a><h4 class=\"sc_services_item_title\"><a href=\"https:\/\/redepragas.com.br\/index.php\/services\/desratizacao\/\">Desratiza\u00e7\u00e3o<\/a><\/h4>\n                <div class=\"sc_services_item_description\">\n                    <p>A Rede Pragas utiliza raticidas de qualidade e registrados no Minist\u00e9rio da Sa\u00fade e licenciados pela ANVISA<\/p>                <\/div>\n            <\/div>\n        <\/div>\n        <\/div><\/div><\/div><!-- \/.sc_services --><\/div><!-- \/.sc_services_wrap --><\/div><div class=\"sc_section_button sc_item_button\"><a href=\"\/services-page\/\" class=\"sc_button sc_button_square sc_button_style_filled sc_button_size_small  sc_button_iconed icon-right\">more services<\/a><\/div><\/div><\/div>[\/vc_column][\/vc_row][vc_row full_width=&#8221;stretch_row&#8221; css=&#8221;.vc_custom_1469108064288{background-image: url(https:\/\/redepragas.conectadigital.top\/wp-content\/uploads\/2016\/07\/main_bg.jpg?id=266) !important;background-position: 0 0 !important;background-repeat: repeat !important;}&#8221;][vc_column css=&#8221;.vc_custom_1469111140412{margin-top: 0.35rem !important;}&#8221;]<div id=\"sc_services_1367673115_wrap\" class=\"sc_services_wrap\"><div id=\"sc_services_1367673115\" class=\"sc_services sc_services_style_services-1 sc_services_type_icons  margin_top_medium white_text_style_color\" style=\"width:100%;\"><div class=\"sc_columns columns_wrap\"><\/div><\/div><!-- \/.sc_services --><\/div><!-- \/.sc_services_wrap -->[\/vc_column][\/vc_row][vc_row][vc_column css=&#8221;.vc_custom_1469185498009{margin-bottom: 1.75rem !important;}&#8221;]<div class=\"sc_section margin_bottom_huge\"><div class=\"sc_section_inner\"><h2 class=\"sc_section_title sc_item_title\">Welcome to your local Pest Control<\/h2><div class=\"sc_section_descr sc_item_descr\">Our high-quality and professional group is based on a team of experts, quality assurance program, and universal documentation of findings and service, all of which guarantees our insect control service meets our high-quality standards and norms.<\/div><div class=\"sc_section_content_wrap\"><div id=\"sc_services_1133501795_wrap\" class=\"sc_services_wrap\"><div id=\"sc_services_1133501795\" class=\"sc_services sc_services_style_services-1 sc_services_type_images \" style=\"margin-bottom: -1.75rem;width:100%;\"><div class=\"sc_columns columns_wrap\"><\/div><\/div><!-- \/.sc_services --><\/div><!-- \/.sc_services_wrap --><\/div><div class=\"sc_section_button sc_item_button\"><a href=\"\/services-page\/\" class=\"sc_button sc_button_square sc_button_style_filled sc_button_size_small  sc_button_iconed icon-right\">more services<\/a><\/div><\/div><\/div>[\/vc_column][\/vc_row][vc_row full_width=&#8221;stretch_row&#8221; css=&#8221;.vc_custom_1469200822768{background-image: url(https:\/\/redepragas.conectadigital.top\/wp-content\/uploads\/2016\/07\/bg2.jpg?id=245) !important;background-position: center !important;background-repeat: no-repeat !important;background-size: cover !important;}&#8221;][vc_column css=&#8221;.vc_custom_1469013099794{margin-bottom: 0.3rem !important;}&#8221;]<div class=\"sc_section section_style_white_text_section\"><div class=\"sc_section_inner\"><h2 class=\"sc_section_title sc_item_title\">We\u2019re serious about our business<\/h2><div class=\"sc_section_descr sc_item_descr\">Our main mission is to deliver healthy, comfortable, superior and clean environments that provide peace of mind and comfort while creating extraordinary relationships with our lovely clients<\/div><div class=\"sc_section_content_wrap\"><div id=\"sc_team_1352102974_wrap\" class=\"sc_team_wrap\"><div id=\"sc_team_1352102974\" class=\"sc_team sc_team_style_team-1  margin_bottom_huge\" style=\"width:100%;\"><div class=\"sc_columns columns_wrap\"><div class=\"column-1_4 column_padding_bottom\">\t\t\t<div id=\"sc_team_1352102974_1\"\t\t\t\tclass=\"sc_team_item sc_team_item_1 odd first\"\n\t\t\t\t>\n\t\t\t\t<div class=\"sc_team_item_avatar\"><img loading=\"lazy\" decoding=\"async\" class=\"wp-post-image\" width=\"540\" height=\"552\" alt=\"Antony Redest\" src=\"https:\/\/redepragas.com.br\/wp-content\/uploads\/2016\/07\/team-4-540x552.jpg\"><\/div>\n\t\t\t\t<div class=\"sc_team_item_info\">\n                    \t\t\t\t\t<h6 class=\"sc_team_item_title\"><a href=\"https:\/\/redepragas.com.br\/index.php\/team\/antony-redest\/\">Antony Redest<\/a><\/h6>\n\t\t\t\t\t<div class=\"sc_team_item_position\">Director of Quality Systems<\/div>\n\t\t\t\t\t<div class=\"sc_socials sc_socials_type_icons sc_socials_shape_round sc_socials_size_tiny\"><div class=\"sc_socials_item\"><a href=\"https:\/\/www.facebook.com\/AncoraThemes\/\" target=\"_blank\" class=\"social_icons social_facebook\"><span class=\"icon-facebook\"><\/span><\/a><\/div><div class=\"sc_socials_item\"><a href=\"https:\/\/twitter.com\/themes_ancora\" target=\"_blank\" class=\"social_icons social_twitter\"><span class=\"icon-twitter\"><\/span><\/a><\/div><div class=\"sc_socials_item\"><a href=\"https:\/\/www.instagram.com\/ancora_themes\/\" target=\"_blank\" class=\"social_icons social_instagramm\"><span class=\"icon-instagramm\"><\/span><\/a><\/div><\/div>\t\t\t\t<\/div>\n\t\t\t<\/div>\n\t\t<\/div><div class=\"column-1_4 column_padding_bottom\">\t\t\t<div id=\"sc_team_1352102974_2\"\t\t\t\tclass=\"sc_team_item sc_team_item_2 even\"\n\t\t\t\t>\n\t\t\t\t<div class=\"sc_team_item_avatar\"><img loading=\"lazy\" decoding=\"async\" class=\"wp-post-image\" width=\"540\" height=\"552\" alt=\"Edward Gilmor\" src=\"https:\/\/redepragas.com.br\/wp-content\/uploads\/2016\/07\/team-3-540x552.jpg\"><\/div>\n\t\t\t\t<div class=\"sc_team_item_info\">\n                    \t\t\t\t\t<h6 class=\"sc_team_item_title\"><a href=\"https:\/\/redepragas.com.br\/index.php\/team\/edward-gilmor\/\">Edward Gilmor<\/a><\/h6>\n\t\t\t\t\t<div class=\"sc_team_item_position\">Technical Services Director<\/div>\n\t\t\t\t\t<div class=\"sc_socials sc_socials_type_icons sc_socials_shape_round sc_socials_size_tiny\"><div class=\"sc_socials_item\"><a href=\"https:\/\/www.facebook.com\/AncoraThemes\/\" target=\"_blank\" class=\"social_icons social_facebook\"><span class=\"icon-facebook\"><\/span><\/a><\/div><div class=\"sc_socials_item\"><a href=\"https:\/\/twitter.com\/themes_ancora\" target=\"_blank\" class=\"social_icons social_twitter\"><span class=\"icon-twitter\"><\/span><\/a><\/div><div class=\"sc_socials_item\"><a href=\"https:\/\/www.instagram.com\/ancora_themes\/\" target=\"_blank\" class=\"social_icons social_instagramm\"><span class=\"icon-instagramm\"><\/span><\/a><\/div><\/div>\t\t\t\t<\/div>\n\t\t\t<\/div>\n\t\t<\/div><div class=\"column-1_4 column_padding_bottom\">\t\t\t<div id=\"sc_team_1352102974_3\"\t\t\t\tclass=\"sc_team_item sc_team_item_3 odd\"\n\t\t\t\t>\n\t\t\t\t<div class=\"sc_team_item_avatar\"><img loading=\"lazy\" decoding=\"async\" class=\"wp-post-image\" width=\"540\" height=\"552\" alt=\"Tony Johnson\" src=\"https:\/\/redepragas.com.br\/wp-content\/uploads\/2016\/07\/team-2-540x552.jpg\"><\/div>\n\t\t\t\t<div class=\"sc_team_item_info\">\n                    \t\t\t\t\t<h6 class=\"sc_team_item_title\"><a href=\"https:\/\/redepragas.com.br\/index.php\/team\/tony-johnson\/\">Tony Johnson<\/a><\/h6>\n\t\t\t\t\t<div class=\"sc_team_item_position\">Pest Control Inspector<\/div>\n\t\t\t\t\t<div class=\"sc_socials sc_socials_type_icons sc_socials_shape_round sc_socials_size_tiny\"><div class=\"sc_socials_item\"><a href=\"https:\/\/www.facebook.com\/AncoraThemes\/\" target=\"_blank\" class=\"social_icons social_facebook\"><span class=\"icon-facebook\"><\/span><\/a><\/div><div class=\"sc_socials_item\"><a href=\"https:\/\/twitter.com\/themes_ancora\" target=\"_blank\" class=\"social_icons social_twitter\"><span class=\"icon-twitter\"><\/span><\/a><\/div><div class=\"sc_socials_item\"><a href=\"https:\/\/www.instagram.com\/ancora_themes\/\" target=\"_blank\" class=\"social_icons social_instagramm\"><span class=\"icon-instagramm\"><\/span><\/a><\/div><\/div>\t\t\t\t<\/div>\n\t\t\t<\/div>\n\t\t<\/div><div class=\"column-1_4 column_padding_bottom\">\t\t\t<div id=\"sc_team_1352102974_4\"\t\t\t\tclass=\"sc_team_item sc_team_item_4 even\"\n\t\t\t\t>\n\t\t\t\t<div class=\"sc_team_item_avatar\"><img loading=\"lazy\" decoding=\"async\" class=\"wp-post-image\" width=\"540\" height=\"552\" alt=\"Andy Redest\" src=\"https:\/\/redepragas.com.br\/wp-content\/uploads\/2016\/07\/team-1-540x552.jpg\"><\/div>\n\t\t\t\t<div class=\"sc_team_item_info\">\n                    \t\t\t\t\t<h6 class=\"sc_team_item_title\"><a href=\"https:\/\/redepragas.com.br\/index.php\/team\/andy-redest\/\">Andy Redest<\/a><\/h6>\n\t\t\t\t\t<div class=\"sc_team_item_position\">Pest Control Inspector<\/div>\n\t\t\t\t\t<div class=\"sc_socials sc_socials_type_icons sc_socials_shape_round sc_socials_size_tiny\"><div class=\"sc_socials_item\"><a href=\"https:\/\/www.facebook.com\/AncoraThemes\/\" target=\"_blank\" class=\"social_icons social_facebook\"><span class=\"icon-facebook\"><\/span><\/a><\/div><div class=\"sc_socials_item\"><a href=\"https:\/\/twitter.com\/themes_ancora\" target=\"_blank\" class=\"social_icons social_twitter\"><span class=\"icon-twitter\"><\/span><\/a><\/div><div class=\"sc_socials_item\"><a href=\"https:\/\/www.instagram.com\/ancora_themes\/\" target=\"_blank\" class=\"social_icons social_instagramm\"><span class=\"icon-instagramm\"><\/span><\/a><\/div><\/div>\t\t\t\t<\/div>\n\t\t\t<\/div>\n\t\t<\/div><\/div><\/div><!-- \/.sc_team --><\/div><!-- \/.sc_team_wrap --><\/div><\/div><\/div>[\/vc_column][\/vc_row][vc_row][vc_column css=&#8221;.vc_custom_1469181892357{margin-bottom: 2.8rem !important;}&#8221;]<div class=\"sc_section\"><div class=\"sc_section_inner\"><h2 class=\"sc_section_title sc_item_title\">our Pest Control score<\/h2><div class=\"sc_section_descr sc_item_descr\">We are leaders in the industry that specializing in protection against common insects, including termites, rodents, and spiders. We have more than 50 years of experience in bugs control services.<\/div><div class=\"sc_section_content_wrap\"><div class=\"columns_wrap sc_columns columns_nofluid sc_columns_count_2 margin_top_medium- margin_bottom_huge\"><div class=\"column-1_2 sc_column_item sc_column_item_1 odd first\"><div id=\"sc_skills_diagram_551545516\" class=\"sc_skills sc_skills_bar sc_skills_horizontal\" data-type=\"bar\" data-caption=\"Skills\" data-dir=\"horizontal\"><div class=\"sc_skills_info\"><div class=\"sc_skills_label\">Commercial Pest Control<\/div><\/div><div class=\"sc_skills_item sc_skills_style_1 odd first\"><div class=\"sc_skills_count\" style=\"background-color:#e2bb4c; border-color:#e2bb4c\"><div class=\"sc_skills_total\" data-start=\"0\" data-stop=\"85\" data-step=\"1\" data-max=\"100\" data-speed=\"40\" data-duration=\"3400\" data-ed=\"%\">0%<\/div><\/div><\/div><div class=\"sc_skills_info\"><div class=\"sc_skills_label\">Construction Pest Control<\/div><\/div><div class=\"sc_skills_item sc_skills_style_1 even\"><div class=\"sc_skills_count\" style=\"background-color:#e2bb4c; border-color:#e2bb4c\"><div class=\"sc_skills_total\" data-start=\"0\" data-stop=\"70\" data-step=\"1\" data-max=\"100\" data-speed=\"25\" data-duration=\"1750\" data-ed=\"%\">0%<\/div><\/div><\/div><\/div><\/div><div class=\"column-1_2 sc_column_item sc_column_item_2 even\"><div id=\"sc_skills_diagram_1741400887\" class=\"sc_skills sc_skills_bar sc_skills_horizontal\" data-type=\"bar\" data-caption=\"Skills\" data-dir=\"horizontal\"><div class=\"sc_skills_info\"><div class=\"sc_skills_label\">Domesctic Pest Control<\/div><\/div><div class=\"sc_skills_item sc_skills_style_1 odd first\"><div class=\"sc_skills_count\" style=\"background-color:#e2bb4c; border-color:#e2bb4c\"><div class=\"sc_skills_total\" data-start=\"0\" data-stop=\"85\" data-step=\"1\" data-max=\"100\" data-speed=\"37\" data-duration=\"3145\" data-ed=\"%\">0%<\/div><\/div><\/div><div class=\"sc_skills_info\"><div class=\"sc_skills_label\">Commercial Insect Control<\/div><\/div><div class=\"sc_skills_item sc_skills_style_1 even\"><div class=\"sc_skills_count\" style=\"background-color:#e2bb4c; border-color:#e2bb4c\"><div class=\"sc_skills_total\" data-start=\"0\" data-stop=\"70\" data-step=\"1\" data-max=\"100\" data-speed=\"31\" data-duration=\"2170\" data-ed=\"%\">0%<\/div><\/div><\/div><\/div><\/div><\/div><\/div><\/div><\/div>[\/vc_column][\/vc_row][vc_row full_width=&#8221;stretch_row&#8221; css=&#8221;.vc_custom_1469013842610{background-image: url(https:\/\/redepragas.conectadigital.top\/wp-content\/uploads\/2016\/07\/main_bg.jpg?id=266) !important;background-position: 0 0 !important;background-repeat: repeat !important;}&#8221;][vc_column]<div id=\"sc_testimonials_1949786064\" class=\"sc_testimonials sc_testimonials_style_testimonials-1  margin_bottom_huge white_text_testim\" style=\"width:100%;\"><h2 class=\"sc_testimonials_title sc_item_title\">Happy Clients About Us<\/h2><div class=\"sc_slider_swiper swiper-slider-container sc_slider_nopagination sc_slider_controls sc_slider_controls_side\" data-interval=\"8388\" data-slides-min-width=\"250\"><div class=\"slides swiper-wrapper\"><div class=\"swiper-slide\" data-style=\"width:100%;\" style=\"width:100%;\">\t\t\t<div id=\"sc_testimonials_1949786064_1\" class=\"sc_testimonial_item\">\n\t\t\t\t<div class=\"sc_testimonial_content\"><p>Ficamos muito satisfeitos com o servi\u00e7o da Rede Pragas !! Somos um Grupo grande no seguimento hospitalar e sempre contamos com um atendimento preciso e de qualidade. Parab\u00e9ns a toda equipe!!<\/p>\n<\/div>\n\t\t\t\t\t\t\t\t<div class=\"sc_testimonial_avatar\"><img loading=\"lazy\" decoding=\"async\" class=\"wp-post-image\" width=\"75\" height=\"75\" alt=\"Julia Santos\" src=\"https:\/\/redepragas.com.br\/wp-content\/uploads\/2016\/07\/woman-2889882_1280-75x75.webp\"><\/div>\n\t\t\t\t\t\t\t\t\t\t\t\t<div class=\"sc_testimonial_author\"><span class=\"sc_testimonial_author_name\">Julia Santos<\/span><\/div>\n\t\t\t\t\t\t\t<\/div>\n\t\t<\/div><div class=\"swiper-slide\" data-style=\"width:100%;\" style=\"width:100%;\">\t\t\t<div id=\"sc_testimonials_1949786064_2\" class=\"sc_testimonial_item\">\n\t\t\t\t<div class=\"sc_testimonial_content\"><p>Gostaria de parabenizar o comprometimento de todos da equipe REDE PRAGAS, sobretudo qualidade de quem realmente conhece e se importa com seus clientes.<\/p>\n<\/div>\n\t\t\t\t\t\t\t\t<div class=\"sc_testimonial_avatar\"><img loading=\"lazy\" decoding=\"async\" class=\"wp-post-image\" width=\"75\" height=\"75\" alt=\"Robson Fernandes\" src=\"https:\/\/redepragas.com.br\/wp-content\/uploads\/2016\/07\/pexels-photo-1121796-75x75.webp\"><\/div>\n\t\t\t\t\t\t\t\t\t\t\t\t<div class=\"sc_testimonial_author\"><span class=\"sc_testimonial_author_name\">Robson Fernandes<\/span><\/div>\n\t\t\t\t\t\t\t<\/div>\n\t\t<\/div><\/div><div class=\"sc_slider_controls_wrap\"><a class=\"sc_slider_prev\" href=\"#\"><\/a><a class=\"sc_slider_next\" href=\"#\"><\/a><\/div><div class=\"sc_slider_pagination_wrap\"><\/div><\/div><\/div>[\/vc_column][\/vc_row]<\/p>\n","protected":false},"excerpt":{"rendered":"<p>[vc_row][vc_column css=&#8221;.vc_custom_1469181741877{margin-bottom: 1.75rem !important;}&#8221;][\/vc_column][\/vc_row][vc_row full_width=&#8221;stretch_row&#8221; css=&#8221;.vc_custom_1469108064288{background-image: url(https:\/\/redepragas.conectadigital.top\/wp-content\/uploads\/2016\/07\/main_bg.jpg?id=266) !important;background-position: 0 0 !important;background-repeat: repeat !important;}&#8221;][vc_column css=&#8221;.vc_custom_1469111140412{margin-top: 0.35rem !important;}&#8221;][\/vc_column][\/vc_row][vc_row][vc_column css=&#8221;.vc_custom_1469185498009{margin-bottom: 1.75rem !important;}&#8221;][\/vc_column][\/vc_row][vc_row full_width=&#8221;stretch_row&#8221; css=&#8221;.vc_custom_1469200822768{background-image: url(https:\/\/redepragas.conectadigital.top\/wp-content\/uploads\/2016\/07\/bg2.jpg?id=245) !important;background-position: center !important;background-repeat: no-repeat !important;background-size: cover !important;}&#8221;][vc_column css=&#8221;.vc_custom_1469013099794{margin-bottom: 0.3rem !important;}&#8221;][\/vc_column][\/vc_row][vc_row][vc_column css=&#8221;.vc_custom_1469181892357{margin-bottom: 2.8rem !important;}&#8221;][\/vc_column][\/vc_row][vc_row full_width=&#8221;stretch_row&#8221; css=&#8221;.vc_custom_1469013842610{background-image: url(https:\/\/redepragas.conectadigital.top\/wp-content\/uploads\/2016\/07\/main_bg.jpg?id=266) !important;background-position: 0 0 !important;background-repeat: repeat !important;}&#8221;][vc_column][\/vc_column][\/vc_row]<\/p>\n","protected":false},"author":1,"featured_media":0,"parent":0,"menu_order":0,"comment_status":"closed","ping_status":"closed","template":"","meta":{"om_disable_all_campaigns":false,"_mi_skip_tracking":false,"_monsterinsights_sitenote_active":false,"_monsterinsights_sitenote_note":"","_monsterinsights_sitenote_category":0,"footnotes":""},"class_list":["post-482","page","type-page","status-publish","hentry"],"aioseo_notices":[],"_links":{"self":[{"href":"https:\/\/redepragas.com.br\/index.php\/wp-json\/wp\/v2\/pages\/482","targetHints":{"allow":["GET"]}}],"collection":[{"href":"https:\/\/redepragas.com.br\/index.php\/wp-json\/wp\/v2\/pages"}],"about":[{"href":"https:\/\/redepragas.com.br\/index.php\/wp-json\/wp\/v2\/types\/page"}],"author":[{"embeddable":true,"href":"https:\/\/redepragas.com.br\/index.php\/wp-json\/wp\/v2\/users\/1"}],"replies":[{"embeddable":true,"href":"https:\/\/redepragas.com.br\/index.php\/wp-json\/wp\/v2\/comments?post=482"}],"version-history":[{"count":0,"href":"https:\/\/redepragas.com.br\/index.php\/wp-json\/wp\/v2\/pages\/482\/revisions"}],"wp:attachment":[{"href":"https:\/\/redepragas.com.br\/index.php\/wp-json\/wp\/v2\/media?parent=482"}],"curies":[{"name":"wp","href":"https:\/\/api.w.org\/{rel}","templated":true}]}}