{"id":65,"date":"2016-07-19T06:12:30","date_gmt":"2016-07-19T06:12:30","guid":{"rendered":"https:\/\/redepragas.conectadigital.top\/?page_id=65"},"modified":"2024-08-17T15:10:16","modified_gmt":"2024-08-17T15:10:16","slug":"home-1","status":"publish","type":"page","link":"https:\/\/redepragas.com.br\/","title":{"rendered":"Rede Pragas"},"content":{"rendered":"<p>[vc_row css=&#8221;.vc_custom_1662581729634{margin-top: -30px !important;border-top-width: -50px !important;padding-top: -50px !important;}&#8221;][vc_column css=&#8221;.vc_custom_1662581794209{margin-top: -70px !important;margin-bottom: -30px !important;border-top-width: -70px !important;border-bottom-width: -30px !important;padding-top: -70px !important;padding-bottom: -30px !important;}&#8221;]<div class=\"sc_section\"><div class=\"sc_section_inner\"><h2 class=\"sc_section_title sc_item_title\">QUEM SOMOS<\/h2><div class=\"sc_section_descr sc_item_descr\">Somos uma empresa especializada em controle de pragas e controle de qualidade d\u00e1gua<br \/>\napta a atender empresas e resid\u00eancias, agregando valor aos clientes pela qualifica\u00e7\u00e3o dos<br \/>\nservi\u00e7os prestados e comprometimento da equipe.<\/div><div class=\"sc_section_content_wrap\"><\/div><\/div><\/div>[\/vc_column][\/vc_row][vc_row full_width=&#8221;stretch_row&#8221; css=&#8221;.vc_custom_1662581944861{background-color: #92e246 !important;}&#8221;][vc_column]<div class=\"columns_wrap sc_columns columns_nofluid sc_columns_count_3\"><div class=\"column-2_3 sc_column_item sc_column_item_1 odd first span_2\"><h1 class=\"sc_title sc_title_regular sc_align_left\" style=\"margin-top: 1.2rem;margin-bottom: 1.15rem;text-align:left;color:#ffffff;\"><\/p>\n<h2><strong><span style=\"color: #ffffff;\">Agende sua visita agora mesmo<\/span><\/strong><\/h2>\n<p><\/h1>[vc_empty_space height=&#8221;70&#8243;]<\/div><div class=\"column-1_3 sc_column_item sc_column_item_3 odd after_span_2\" style=\"text-align:right;\">[vc_empty_space height=&#8221;115&#8243;][vc_btn title=&#8221;Central de atendimento&#8221; color=&#8221;success&#8221; link=&#8221;https:\/\/redepragas.com.br\/index.php\/contato\/&#8221; size=&#8221;lg&#8221; align=&#8221;center&#8221; button_block=&#8221;true&#8221;]<\/div><\/div>[\/vc_column][\/vc_row][vc_row full_width=&#8221;stretch_row&#8221; css=&#8221;.vc_custom_1662584889824{margin-top: -30px !important;border-top-width: -50px !important;padding-top: -50px !important;background-color: #efefef !important;}&#8221;][vc_column css=&#8221;.vc_custom_1662581860038{margin-top: -30px !important;border-top-width: -50px !important;padding-top: -50px !important;}&#8221;]<div class=\"sc_section margin_bottom_huge\"><div class=\"sc_section_inner\"><h2 class=\"sc_section_title sc_item_title\">Conhe\u00e7a nossas solu\u00e7\u00f5es<\/h2><div class=\"sc_section_descr sc_item_descr\">Oferecemos uma gama de servi\u00e7os certificados com os melhores profissionais e equipamentos<\/div><div class=\"sc_section_content_wrap\"><div id=\"sc_services_371243776_wrap\" class=\"sc_services_wrap\"><div id=\"sc_services_371243776\" class=\"sc_services sc_services_style_services-2 sc_services_type_images  margin_bottom_small alignleft\" style=\"width:100%;\"><div class=\"sc_columns columns_wrap\"><div class=\"column-1_3 column_padding_bottom\">        <div id=\"sc_services_371243776_1\"            class=\"sc_services_item sc_services_item_1 odd first\"\n            >\n                            <div class=\"sc_services_item_featured post_featured\">\n                    \t<div class=\"post_thumb\" data-image=\"https:\/\/redepragas.com.br\/wp-content\/uploads\/2016\/07\/desintetizaca.jpg\" data-title=\"Desintetiza\u00e7\u00e3o\">\n\t<a class=\"hover_icon hover_icon_link\" href=\"https:\/\/redepragas.com.br\/index.php\/services\/desintetizacao\/\"><img loading=\"lazy\" decoding=\"async\" class=\"wp-post-image\" width=\"370\" height=\"350\" alt=\"Desintetiza\u00e7\u00e3o\" src=\"https:\/\/redepragas.com.br\/wp-content\/uploads\/2016\/07\/desintetizaca-370x350.jpg\"><\/a>\t<\/div>\n\t                    <h4 class=\"sc_services_item_title\"><a href=\"https:\/\/redepragas.com.br\/index.php\/services\/desintetizacao\/\">Desintetiza\u00e7\u00e3o<\/a><\/h4>                <\/div>\n                        <div class=\"sc_services_item_content\">\n                <a href=\"https:\/\/redepragas.com.br\/index.php\/services\/desintetizacao\/\"><span class=\"sc_icon icon-icon_insect\"><\/span><\/a><h4 class=\"sc_services_item_title\"><a href=\"https:\/\/redepragas.com.br\/index.php\/services\/desintetizacao\/\">Desintetiza\u00e7\u00e3o<\/a><\/h4>\n                <div class=\"sc_services_item_description\">\n                    <p>O processo de desinsetiza\u00e7\u00e3o \u00e9 eficaz contra insetos rasteiros e voadores, com exce\u00e7\u00e3o dos cupins<\/p>                <\/div>\n            <\/div>\n        <\/div>\n        <\/div><div class=\"column-1_3 column_padding_bottom\">        <div id=\"sc_services_371243776_2\"            class=\"sc_services_item sc_services_item_2 even\"\n            >\n                            <div class=\"sc_services_item_featured post_featured\">\n                    \t<div class=\"post_thumb\" data-image=\"https:\/\/redepragas.com.br\/wp-content\/uploads\/2016\/07\/descupinizacao.jpg\" data-title=\"Descupiniza\u00e7\u00e3o\">\n\t<a class=\"hover_icon hover_icon_link\" href=\"https:\/\/redepragas.com.br\/index.php\/services\/descupinizacao\/\"><img loading=\"lazy\" decoding=\"async\" class=\"wp-post-image\" width=\"370\" height=\"350\" alt=\"Descupiniza\u00e7\u00e3o\" src=\"https:\/\/redepragas.com.br\/wp-content\/uploads\/2016\/07\/descupinizacao-370x350.jpg\"><\/a>\t<\/div>\n\t                    <h4 class=\"sc_services_item_title\"><a href=\"https:\/\/redepragas.com.br\/index.php\/services\/descupinizacao\/\">Descupiniza\u00e7\u00e3o<\/a><\/h4>                <\/div>\n                        <div class=\"sc_services_item_content\">\n                <a href=\"https:\/\/redepragas.com.br\/index.php\/services\/descupinizacao\/\"><span class=\"sc_icon icon-icon4\"><\/span><\/a><h4 class=\"sc_services_item_title\"><a href=\"https:\/\/redepragas.com.br\/index.php\/services\/descupinizacao\/\">Descupiniza\u00e7\u00e3o<\/a><\/h4>\n                <div class=\"sc_services_item_description\">\n                    <p>A REDE PRAGAS utiliza t\u00e9cnicas avan\u00e7adas no controle de Cupins, utilizando produtos de uso profissional altamente eficaz.<\/p>                <\/div>\n            <\/div>\n        <\/div>\n        <\/div><div class=\"column-1_3 column_padding_bottom\">        <div id=\"sc_services_371243776_3\"            class=\"sc_services_item sc_services_item_3 odd\"\n            >\n                            <div class=\"sc_services_item_featured post_featured\">\n                    \t<div class=\"post_thumb\" data-image=\"https:\/\/redepragas.com.br\/wp-content\/uploads\/2016\/07\/desratizacao.jpg\" data-title=\"Desratiza\u00e7\u00e3o\">\n\t<a class=\"hover_icon hover_icon_link\" href=\"https:\/\/redepragas.com.br\/index.php\/services\/desratizacao\/\"><img loading=\"lazy\" decoding=\"async\" class=\"wp-post-image\" width=\"370\" height=\"350\" alt=\"Desratiza\u00e7\u00e3o\" src=\"https:\/\/redepragas.com.br\/wp-content\/uploads\/2016\/07\/desratizacao-370x350.jpg\"><\/a>\t<\/div>\n\t                    <h4 class=\"sc_services_item_title\"><a href=\"https:\/\/redepragas.com.br\/index.php\/services\/desratizacao\/\">Desratiza\u00e7\u00e3o<\/a><\/h4>                <\/div>\n                        <div class=\"sc_services_item_content\">\n                <a href=\"https:\/\/redepragas.com.br\/index.php\/services\/desratizacao\/\"><span class=\"sc_icon icon-icon_rodent\"><\/span><\/a><h4 class=\"sc_services_item_title\"><a href=\"https:\/\/redepragas.com.br\/index.php\/services\/desratizacao\/\">Desratiza\u00e7\u00e3o<\/a><\/h4>\n                <div class=\"sc_services_item_description\">\n                    <p>A Rede Pragas utiliza raticidas de qualidade e registrados no Minist\u00e9rio da Sa\u00fade e licenciados pela ANVISA<\/p>                <\/div>\n            <\/div>\n        <\/div>\n        <\/div><div class=\"column-1_3 column_padding_bottom\">        <div id=\"sc_services_371243776_4\"            class=\"sc_services_item sc_services_item_4 even\"\n            >\n                            <div class=\"sc_services_item_featured post_featured\">\n                    \t<div class=\"post_thumb\" data-image=\"https:\/\/redepragas.com.br\/wp-content\/uploads\/2016\/07\/caixa.jpg\" data-title=\"Limpeza de Caixas D&#8217;\u00e1gua\">\n\t<a class=\"hover_icon hover_icon_link\" href=\"https:\/\/redepragas.com.br\/index.php\/services\/limpeza-caixa\/\"><img loading=\"lazy\" decoding=\"async\" class=\"wp-post-image\" width=\"370\" height=\"350\" alt=\"Limpeza de Caixas D&#8217;\u00e1gua\" src=\"https:\/\/redepragas.com.br\/wp-content\/uploads\/2016\/07\/caixa-370x350.jpg\"><\/a>\t<\/div>\n\t                    <h4 class=\"sc_services_item_title\"><a href=\"https:\/\/redepragas.com.br\/index.php\/services\/limpeza-caixa\/\">Limpeza de Caixas D&#8217;\u00e1gua<\/a><\/h4>                <\/div>\n                        <div class=\"sc_services_item_content\">\n                <a href=\"https:\/\/redepragas.com.br\/index.php\/services\/limpeza-caixa\/\"><span class=\"sc_icon icon-trash-light\"><\/span><\/a><h4 class=\"sc_services_item_title\"><a href=\"https:\/\/redepragas.com.br\/index.php\/services\/limpeza-caixa\/\">Limpeza de Caixas D&#8217;\u00e1gua<\/a><\/h4>\n                <div class=\"sc_services_item_description\">\n                    <p>Mesmo a \u00e1gua fornecida pelas concession\u00e1rias, podem acumular res\u00edduos nas superf\u00edcies ao longo do tempo<\/p>                <\/div>\n            <\/div>\n        <\/div>\n        <\/div><div class=\"column-1_3 column_padding_bottom\">        <div id=\"sc_services_371243776_5\"            class=\"sc_services_item sc_services_item_5 odd\"\n            >\n                            <div class=\"sc_services_item_featured post_featured\">\n                    \t<div class=\"post_thumb\" data-image=\"https:\/\/redepragas.com.br\/wp-content\/uploads\/2016\/07\/capina.jpg\" data-title=\"Capina Qu\u00edmica\">\n\t<a class=\"hover_icon hover_icon_link\" href=\"https:\/\/redepragas.com.br\/index.php\/services\/capina\/\"><img loading=\"lazy\" decoding=\"async\" class=\"wp-post-image\" width=\"370\" height=\"350\" alt=\"Capina Qu\u00edmica\" src=\"https:\/\/redepragas.com.br\/wp-content\/uploads\/2016\/07\/capina-370x350.jpg\"><\/a>\t<\/div>\n\t                    <h4 class=\"sc_services_item_title\"><a href=\"https:\/\/redepragas.com.br\/index.php\/services\/capina\/\">Capina Qu\u00edmica<\/a><\/h4>                <\/div>\n                        <div class=\"sc_services_item_content\">\n                <a href=\"https:\/\/redepragas.com.br\/index.php\/services\/capina\/\"><span class=\"sc_icon icon-pagelines\"><\/span><\/a><h4 class=\"sc_services_item_title\"><a href=\"https:\/\/redepragas.com.br\/index.php\/services\/capina\/\">Capina Qu\u00edmica<\/a><\/h4>\n                <div class=\"sc_services_item_description\">\n                    <p>Se trata do controle de plantas daninhas em \u00e1reas urbanas por meio da utiliza\u00e7\u00e3o de herbicidas com alta qualidade comprovada<\/p>                <\/div>\n            <\/div>\n        <\/div>\n        <\/div><\/div><\/div><!-- \/.sc_services --><\/div><!-- \/.sc_services_wrap --><\/div><\/div><\/div>[\/vc_column][\/vc_row][vc_row full_width=&#8221;stretch_row&#8221; css=&#8221;.vc_custom_1662584966849{background-position: center !important;background-repeat: no-repeat !important;background-size: cover !important;}&#8221;][vc_column]<div class=\"sc_section\"><div class=\"sc_section_inner\"><h2 class=\"sc_section_title sc_item_title\">Conhe\u00e7a nossas \u00e1rea de atua\u00e7\u00e3o<\/h2><div class=\"sc_section_content_wrap\">[vc_images_carousel images=&#8221;920,921,922,923,924,925&#8243; img_size=&#8221;full&#8221; speed=&#8221;3000&#8243; slides_per_view=&#8221;3&#8243; autoplay=&#8221;yes&#8221; hide_pagination_control=&#8221;yes&#8221; wrap=&#8221;yes&#8221;]<\/div><\/div><\/div>[vc_empty_space height=&#8221;80&#8243;][\/vc_column][\/vc_row][vc_row full_width=&#8221;stretch_row&#8221; css=&#8221;.vc_custom_1469013842610{background-image: url(https:\/\/redepragas.conectadigital.top\/wp-content\/uploads\/2016\/07\/main_bg.jpg?id=266) !important;background-position: 0 0 !important;background-repeat: repeat !important;}&#8221;][vc_column]<div id=\"sc_testimonials_932790788\" class=\"sc_testimonials sc_testimonials_style_testimonials-1  margin_bottom_huge white_text_testim\" style=\"width:100%;\"><h2 class=\"sc_testimonials_title sc_item_title\">O que nossos clientes falam sobre n\u00f3s<\/h2><div class=\"sc_slider_swiper swiper-slider-container sc_slider_nopagination sc_slider_controls sc_slider_controls_side\" data-interval=\"6297\" data-slides-min-width=\"250\"><div class=\"slides swiper-wrapper\"><div class=\"swiper-slide\" data-style=\"width:100%;\" style=\"width:100%;\">\t\t\t<div id=\"sc_testimonials_932790788_1\" class=\"sc_testimonial_item\">\n\t\t\t\t<div class=\"sc_testimonial_content\"><p>Ficamos muito satisfeitos com o servi\u00e7o da Rede Pragas !! Somos um Grupo grande no seguimento hospitalar e sempre contamos com um atendimento preciso e de qualidade. Parab\u00e9ns a toda equipe!!<\/p>\n<\/div>\n\t\t\t\t\t\t\t\t<div class=\"sc_testimonial_avatar\"><img loading=\"lazy\" decoding=\"async\" class=\"wp-post-image\" width=\"75\" height=\"75\" alt=\"Julia Santos\" src=\"https:\/\/redepragas.com.br\/wp-content\/uploads\/2016\/07\/woman-2889882_1280-75x75.webp\"><\/div>\n\t\t\t\t\t\t\t\t\t\t\t\t<div class=\"sc_testimonial_author\"><span class=\"sc_testimonial_author_name\">Julia Santos<\/span><\/div>\n\t\t\t\t\t\t\t<\/div>\n\t\t<\/div><div class=\"swiper-slide\" data-style=\"width:100%;\" style=\"width:100%;\">\t\t\t<div id=\"sc_testimonials_932790788_2\" class=\"sc_testimonial_item\">\n\t\t\t\t<div class=\"sc_testimonial_content\"><p>Gostaria de parabenizar o comprometimento de todos da equipe REDE PRAGAS, sobretudo qualidade de quem realmente conhece e se importa com seus clientes.<\/p>\n<\/div>\n\t\t\t\t\t\t\t\t<div class=\"sc_testimonial_avatar\"><img loading=\"lazy\" decoding=\"async\" class=\"wp-post-image\" width=\"75\" height=\"75\" alt=\"Robson Fernandes\" src=\"https:\/\/redepragas.com.br\/wp-content\/uploads\/2016\/07\/pexels-photo-1121796-75x75.webp\"><\/div>\n\t\t\t\t\t\t\t\t\t\t\t\t<div class=\"sc_testimonial_author\"><span class=\"sc_testimonial_author_name\">Robson Fernandes<\/span><\/div>\n\t\t\t\t\t\t\t<\/div>\n\t\t<\/div><\/div><div class=\"sc_slider_controls_wrap\"><a class=\"sc_slider_prev\" href=\"#\"><\/a><a class=\"sc_slider_next\" href=\"#\"><\/a><\/div><div class=\"sc_slider_pagination_wrap\"><\/div><\/div><\/div>[\/vc_column][\/vc_row][vc_row full_width=&#8221;stretch_row&#8221; css=&#8221;.vc_custom_1662586145981{background-color: #eaeaea !important;}&#8221;][vc_column][vc_custom_heading text=&#8221;POR QUE ESCOLHER A REDE DE PRAGAS?&#8221; font_container=&#8221;tag:h2|text_align:center|color:%23000000&#8243; use_theme_fonts=&#8221;yes&#8221;][vc_column_text]<\/p>\n<div class=\"et_pb_section et_pb_section_5 et_pb_with_background et_section_regular\">\n<div class=\" et_pb_row et_pb_row_8\">\n<div class=\"et_pb_column et_pb_column_4_4 et_pb_column_18\">\n<div class=\"et_pb_text et_pb_module et_pb_bg_layout_light et_pb_text_align_left et_pb_text_25\">\n<p><span style=\"color: #000000;\">Atuando h\u00e1 muitos anos no mercado,<strong> a REDE PRAGAS<\/strong>, busca\u00a0preencher uma lacuna existente no mercado de controle de pragas, aliando tecnologia, pre\u00e7o e qualidade de servi\u00e7os.<\/span><\/p>\n<p><span style=\"color: #000000;\">Ao longo do\u00a0tempo, a empresa vem se destacando por encontrar solu\u00e7\u00f5es eficientes, pr\u00e1ticas e eficazes no controle de vetores e pragas, sempre utilizando de novas tecnologias e produtos\u00a0<strong>licenciados pelo Minist\u00e9rio da Sa\u00fade<\/strong>.<\/span><\/p>\n<p><span style=\"color: #000000;\">Nossos Funcion\u00e1rios, todos capacitados com\u00a0<strong>NR 35<\/strong>\u00a0e\u00a0<strong>NR 33<\/strong>, trabalho em altura e espa\u00e7o confinado, s\u00e3o treinados para prestar um servi\u00e7o de qualidade com a seguran\u00e7a apropriada.<\/span><\/p>\n<\/div>\n<\/div>\n<\/div>\n<\/div>\n<p>[\/vc_column_text][vc_empty_space height=&#8221;70&#8243;][\/vc_column][\/vc_row][vc_row full_width=&#8221;stretch_row&#8221; css=&#8221;.vc_custom_1469184906222{background-color: #3a3a3a !important;}&#8221;][vc_column]<div class=\"columns_wrap sc_columns columns_nofluid sc_columns_count_3\"><div class=\"column-2_3 sc_column_item sc_column_item_1 odd first span_2\"><h4 class=\"sc_title sc_title_iconed sc_align_left\" style=\"margin-top: 1.2rem;margin-bottom: 1.15rem;text-align:left;color:#ffffff;\"><span class=\"sc_title_icon sc_title_icon_left  sc_title_icon_small icon-heart\"><\/span>SIGA NOSSAS REDES SOCIAIS <span class=\"sc_highlight sc_highlight_style_1\"><\/span><\/h4><\/div><div class=\"column-1_3 sc_column_item sc_column_item_3 odd after_span_2\" style=\"text-align:right;\"><div class=\"sc_socials sc_socials_type_icons sc_socials_shape_round sc_socials_size_tiny margin_right_small\" style=\"margin-top: 10px;margin-bottom: 5px;\"><div class=\"sc_socials_item\"><a href=\"https:\/\/www.facebook.com\/\" target=\"_blank\" class=\"social_icons social_facebook\"><span class=\"icon-facebook\"><\/span><\/a><\/div><div class=\"sc_socials_item\"><a href=\"https:\/\/www.instagram.com\/\" target=\"_blank\" class=\"social_icons social_instagramm\"><span class=\"icon-instagramm\"><\/span><\/a><\/div><\/div><\/div><\/div>[\/vc_column][\/vc_row]<\/p>\n","protected":false},"excerpt":{"rendered":"<p>[vc_row css=&#8221;.vc_custom_1662581729634{margin-top: -30px !important;border-top-width: -50px !important;padding-top: -50px !important;}&#8221;][vc_column css=&#8221;.vc_custom_1662581794209{margin-top: -70px !important;margin-bottom: -30px !important;border-top-width: -70px !important;border-bottom-width: -30px !important;padding-top: -70px !important;padding-bottom: -30px !important;}&#8221;][\/vc_column][\/vc_row][vc_row full_width=&#8221;stretch_row&#8221; css=&#8221;.vc_custom_1662581944861{background-color: #92e246 !important;}&#8221;][vc_column][\/vc_column][\/vc_row][vc_row full_width=&#8221;stretch_row&#8221; css=&#8221;.vc_custom_1662584889824{margin-top: -30px !important;border-top-width: -50px !important;padding-top: -50px !important;background-color: #efefef !important;}&#8221;][vc_column css=&#8221;.vc_custom_1662581860038{margin-top: -30px !important;border-top-width: -50px !important;padding-top: -50px !important;}&#8221;][\/vc_column][\/vc_row][vc_row full_width=&#8221;stretch_row&#8221; css=&#8221;.vc_custom_1662584966849{background-position: center !important;background-repeat: no-repeat !important;background-size: cover !important;}&#8221;][vc_column][vc_empty_space height=&#8221;80&#8243;][\/vc_column][\/vc_row][vc_row full_width=&#8221;stretch_row&#8221; css=&#8221;.vc_custom_1469013842610{background-image: url(https:\/\/redepragas.conectadigital.top\/wp-content\/uploads\/2016\/07\/main_bg.jpg?id=266) !important;background-position: [&hellip;]<\/p>\n","protected":false},"author":1,"featured_media":0,"parent":0,"menu_order":0,"comment_status":"closed","ping_status":"closed","template":"","meta":{"om_disable_all_campaigns":false,"_mi_skip_tracking":false,"_monsterinsights_sitenote_active":false,"_monsterinsights_sitenote_note":"","_monsterinsights_sitenote_category":0,"footnotes":""},"class_list":["post-65","page","type-page","status-publish","hentry"],"aioseo_notices":[],"_links":{"self":[{"href":"https:\/\/redepragas.com.br\/index.php\/wp-json\/wp\/v2\/pages\/65","targetHints":{"allow":["GET"]}}],"collection":[{"href":"https:\/\/redepragas.com.br\/index.php\/wp-json\/wp\/v2\/pages"}],"about":[{"href":"https:\/\/redepragas.com.br\/index.php\/wp-json\/wp\/v2\/types\/page"}],"author":[{"embeddable":true,"href":"https:\/\/redepragas.com.br\/index.php\/wp-json\/wp\/v2\/users\/1"}],"replies":[{"embeddable":true,"href":"https:\/\/redepragas.com.br\/index.php\/wp-json\/wp\/v2\/comments?post=65"}],"version-history":[{"count":81,"href":"https:\/\/redepragas.com.br\/index.php\/wp-json\/wp\/v2\/pages\/65\/revisions"}],"predecessor-version":[{"id":976,"href":"https:\/\/redepragas.com.br\/index.php\/wp-json\/wp\/v2\/pages\/65\/revisions\/976"}],"wp:attachment":[{"href":"https:\/\/redepragas.com.br\/index.php\/wp-json\/wp\/v2\/media?parent=65"}],"curies":[{"name":"wp","href":"https:\/\/api.w.org\/{rel}","templated":true}]}}